{"id":123,"date":"2017-12-04T09:56:51","date_gmt":"2017-12-04T09:56:51","guid":{"rendered":"http:\/\/fac-seguridad.es\/directorio\/?page_id=123"},"modified":"2021-07-02T11:36:05","modified_gmt":"2021-07-02T11:36:05","slug":"malaga","status":"publish","type":"page","link":"https:\/\/fac-seguridad.es\/directorio\/andalucia\/malaga\/","title":{"rendered":"M\u00e1laga"},"content":{"rendered":"<h1>DISTRIBUIDORES FAC SEGURIDAD EN M\u00c1LAGA<\/h1>\n<p>Aqu\u00ed podr\u00e1s encontrar el listado de distribuidores <a href=\"https:\/\/fac-seguridad.es\/\" target=\"_blank\" rel=\"noopener\">FAC Seguridad<\/a> en M\u00e1laga:<\/p>\n<h2>M\u00c1LAGA<\/h2>\n<p><a href=\"http:\/\/www.cerrajeriadilo.com\/\" target=\"_blank\" rel=\"noopener noreferrer\"><strong>CERRAJER\u00cdA DILO<\/strong><\/a><br \/>\n952398200 &#8211; 640876118<br \/>\nC\/ BAR\u00d3N DE LES, 14<\/p>\n<p>&nbsp;<\/p>\n<h2>ANTEQUERA<\/h2>\n<p><a href=\"https:\/\/www.ferreterialallaveantequera.es\" target=\"_blank\" rel=\"noopener noreferrer\"><strong>FERRETER\u00cdA LA LLAVE<\/strong><\/a><br \/>\n952841571<br \/>\nC\/ INFANTE DON FERNANDO, 32<\/p>\n<p>&nbsp;<\/p>\n<h2>CAMPANILLAS<\/h2>\n<p><strong>FRANCISCO JAVIER JIM\u00c9NEZ CAMPOS<\/strong><br \/>\n637646975<br \/>\nC\/ CAMINO MART\u00cdNEZ, 16<\/p>\n<p>&nbsp;<\/p>\n<h2>ESTEPONA<\/h2>\n<p><strong>FERRETER\u00cdA MORENO<\/strong><br \/>\n952801825<br \/>\nC\/ TERRAZA, 28<\/p>\n<p><strong>FERRETER\u00cdA MONTES<\/strong><br \/>\n952801289<br \/>\nC\/ PORTADA, 84<\/p>\n<p>&nbsp;<\/p>\n<h2>FUENGIROLA<\/h2>\n<p><strong>FERRETER\u00cdA\u00a0CENTRO<\/strong><br \/>\n952473082<br \/>\nC\/ EL TRONC\u00d3N, 16<\/p>\n<p>&nbsp;<\/p>\n<h2>LA CALA DE MIJAS<\/h2>\n<p><a href=\"https:\/\/securityofspain.com\/\" target=\"_blank\" rel=\"noopener noreferrer\"><strong>SECURITY OF SPAIN<\/strong><\/a><br \/>\n952660233 &#8211;\u00a0636 770 865<br \/>\nAVDA.\u00a0LAS CARDENIAS, CC JARDIN BOTANICO,\u00a0LOCAL 4.<\/p>\n<p>&nbsp;<\/p>\n<h2>MARBELLA<\/h2>\n<p><strong>CERRAJER\u00cdA CARLOS NEIRA<\/strong><br \/>\n952821823<br \/>\nC\/ RAM\u00d3N G\u00d3MEZ DE LA SERNA, 6<\/p>\n<p>&nbsp;<\/p>\n<h2>V\u00c9LEZ<\/h2>\n<p><strong>ANTONIO ROMERO BERM\u00daDEZ<\/strong><br \/>\n952500450<br \/>\nC\/ ALCALDE MANUEL REYNA, 2A<\/p>\n","protected":false},"excerpt":{"rendered":"<p>DISTRIBUIDORES FAC SEGURIDAD EN M\u00c1LAGA Aqu\u00ed podr\u00e1s encontrar el listado de distribuidores FAC Seguridad en M\u00e1laga: M\u00c1LAGA CERRAJER\u00cdA DILO 952398200 &#8211; 640876118 C\/ BAR\u00d3N DE LES, 14 &nbsp; ANTEQUERA FERRETER\u00cdA LA LLAVE 952841571 C\/ INFANTE DON FERNANDO, 32 &nbsp; CAMPANILLAS FRANCISCO JAVIER JIM\u00c9NEZ CAMPOS 637646975 C\/ CAMINO MART\u00cdNEZ, 16 &nbsp; ESTEPONA FERRETER\u00cdA MORENO 952801825 C\/ [&hellip;]<\/p>\n","protected":false},"author":1,"featured_media":0,"parent":53,"menu_order":0,"comment_status":"closed","ping_status":"closed","template":"","meta":{"_et_pb_use_builder":"","_et_pb_old_content":"","_et_gb_content_width":"","footnotes":""},"class_list":["post-123","page","type-page","status-publish","hentry"],"yoast_head":"<!-- This site is optimized with the Yoast SEO plugin v26.0 - https:\/\/yoast.com\/wordpress\/plugins\/seo\/ -->\n<title>M\u00e1laga - Directorio de Empresas Colaboradoras - FAC Seguridad<\/title>\n<meta name=\"description\" content=\"Directorio de distribuidores FAC Seguridad en M\u00e1laga - Encuentra tu distribuidor mas cercano en la provincia de M\u00e1laga. Desde 1931.\" \/>\n<meta name=\"robots\" content=\"index, follow, max-snippet:-1, max-image-preview:large, max-video-preview:-1\" \/>\n<link rel=\"canonical\" href=\"https:\/\/fac-seguridad.es\/directorio\/andalucia\/malaga\/\" \/>\n<meta property=\"og:locale\" content=\"es_ES\" \/>\n<meta property=\"og:type\" content=\"article\" \/>\n<meta property=\"og:title\" content=\"M\u00e1laga - Directorio de Empresas Colaboradoras - FAC Seguridad\" \/>\n<meta property=\"og:description\" content=\"Directorio de distribuidores FAC Seguridad en M\u00e1laga - Encuentra tu distribuidor mas cercano en la provincia de M\u00e1laga. Desde 1931.\" \/>\n<meta property=\"og:url\" content=\"https:\/\/fac-seguridad.es\/directorio\/andalucia\/malaga\/\" \/>\n<meta property=\"og:site_name\" content=\"Directorio de Empresas Colaboradoras - FAC Seguridad\" \/>\n<meta property=\"article:publisher\" content=\"https:\/\/www.facebook.com\/fac.seguridad\/\" \/>\n<meta property=\"article:modified_time\" content=\"2021-07-02T11:36:05+00:00\" \/>\n<meta name=\"twitter:card\" content=\"summary_large_image\" \/>\n<meta name=\"twitter:site\" content=\"@fac_seguridad\" \/>\n<meta name=\"twitter:label1\" content=\"Tiempo de lectura\" \/>\n\t<meta name=\"twitter:data1\" content=\"1 minuto\" \/>\n<script type=\"application\/ld+json\" class=\"yoast-schema-graph\">{\"@context\":\"https:\/\/schema.org\",\"@graph\":[{\"@type\":\"WebPage\",\"@id\":\"https:\/\/fac-seguridad.es\/directorio\/andalucia\/malaga\/\",\"url\":\"https:\/\/fac-seguridad.es\/directorio\/andalucia\/malaga\/\",\"name\":\"M\u00e1laga - Directorio de Empresas Colaboradoras - FAC Seguridad\",\"isPartOf\":{\"@id\":\"https:\/\/fac-seguridad.es\/directorio\/#website\"},\"datePublished\":\"2017-12-04T09:56:51+00:00\",\"dateModified\":\"2021-07-02T11:36:05+00:00\",\"description\":\"Directorio de distribuidores FAC Seguridad en M\u00e1laga - Encuentra tu distribuidor mas cercano en la provincia de M\u00e1laga. Desde 1931.\",\"breadcrumb\":{\"@id\":\"https:\/\/fac-seguridad.es\/directorio\/andalucia\/malaga\/#breadcrumb\"},\"inLanguage\":\"es\",\"potentialAction\":[{\"@type\":\"ReadAction\",\"target\":[\"https:\/\/fac-seguridad.es\/directorio\/andalucia\/malaga\/\"]}]},{\"@type\":\"BreadcrumbList\",\"@id\":\"https:\/\/fac-seguridad.es\/directorio\/andalucia\/malaga\/#breadcrumb\",\"itemListElement\":[{\"@type\":\"ListItem\",\"position\":1,\"name\":\"Portada\",\"item\":\"https:\/\/fac-seguridad.es\/directorio\/\"},{\"@type\":\"ListItem\",\"position\":2,\"name\":\"Andaluc\u00eda\",\"item\":\"https:\/\/fac-seguridad.es\/directorio\/andalucia\/\"},{\"@type\":\"ListItem\",\"position\":3,\"name\":\"M\u00e1laga\"}]},{\"@type\":\"WebSite\",\"@id\":\"https:\/\/fac-seguridad.es\/directorio\/#website\",\"url\":\"https:\/\/fac-seguridad.es\/directorio\/\",\"name\":\"Directorio de Empresas Colaboradoras - FAC Seguridad\",\"description\":\"Directorio de Empresas Colaboradoras organizado por provincias.\",\"potentialAction\":[{\"@type\":\"SearchAction\",\"target\":{\"@type\":\"EntryPoint\",\"urlTemplate\":\"https:\/\/fac-seguridad.es\/directorio\/?s={search_term_string}\"},\"query-input\":{\"@type\":\"PropertyValueSpecification\",\"valueRequired\":true,\"valueName\":\"search_term_string\"}}],\"inLanguage\":\"es\"}]}<\/script>\n<!-- \/ Yoast SEO plugin. -->","yoast_head_json":{"title":"M\u00e1laga - Directorio de Empresas Colaboradoras - FAC Seguridad","description":"Directorio de distribuidores FAC Seguridad en M\u00e1laga - Encuentra tu distribuidor mas cercano en la provincia de M\u00e1laga. Desde 1931.","robots":{"index":"index","follow":"follow","max-snippet":"max-snippet:-1","max-image-preview":"max-image-preview:large","max-video-preview":"max-video-preview:-1"},"canonical":"https:\/\/fac-seguridad.es\/directorio\/andalucia\/malaga\/","og_locale":"es_ES","og_type":"article","og_title":"M\u00e1laga - Directorio de Empresas Colaboradoras - FAC Seguridad","og_description":"Directorio de distribuidores FAC Seguridad en M\u00e1laga - Encuentra tu distribuidor mas cercano en la provincia de M\u00e1laga. Desde 1931.","og_url":"https:\/\/fac-seguridad.es\/directorio\/andalucia\/malaga\/","og_site_name":"Directorio de Empresas Colaboradoras - FAC Seguridad","article_publisher":"https:\/\/www.facebook.com\/fac.seguridad\/","article_modified_time":"2021-07-02T11:36:05+00:00","twitter_card":"summary_large_image","twitter_site":"@fac_seguridad","twitter_misc":{"Tiempo de lectura":"1 minuto"},"schema":{"@context":"https:\/\/schema.org","@graph":[{"@type":"WebPage","@id":"https:\/\/fac-seguridad.es\/directorio\/andalucia\/malaga\/","url":"https:\/\/fac-seguridad.es\/directorio\/andalucia\/malaga\/","name":"M\u00e1laga - Directorio de Empresas Colaboradoras - FAC Seguridad","isPartOf":{"@id":"https:\/\/fac-seguridad.es\/directorio\/#website"},"datePublished":"2017-12-04T09:56:51+00:00","dateModified":"2021-07-02T11:36:05+00:00","description":"Directorio de distribuidores FAC Seguridad en M\u00e1laga - Encuentra tu distribuidor mas cercano en la provincia de M\u00e1laga. Desde 1931.","breadcrumb":{"@id":"https:\/\/fac-seguridad.es\/directorio\/andalucia\/malaga\/#breadcrumb"},"inLanguage":"es","potentialAction":[{"@type":"ReadAction","target":["https:\/\/fac-seguridad.es\/directorio\/andalucia\/malaga\/"]}]},{"@type":"BreadcrumbList","@id":"https:\/\/fac-seguridad.es\/directorio\/andalucia\/malaga\/#breadcrumb","itemListElement":[{"@type":"ListItem","position":1,"name":"Portada","item":"https:\/\/fac-seguridad.es\/directorio\/"},{"@type":"ListItem","position":2,"name":"Andaluc\u00eda","item":"https:\/\/fac-seguridad.es\/directorio\/andalucia\/"},{"@type":"ListItem","position":3,"name":"M\u00e1laga"}]},{"@type":"WebSite","@id":"https:\/\/fac-seguridad.es\/directorio\/#website","url":"https:\/\/fac-seguridad.es\/directorio\/","name":"Directorio de Empresas Colaboradoras - FAC Seguridad","description":"Directorio de Empresas Colaboradoras organizado por provincias.","potentialAction":[{"@type":"SearchAction","target":{"@type":"EntryPoint","urlTemplate":"https:\/\/fac-seguridad.es\/directorio\/?s={search_term_string}"},"query-input":{"@type":"PropertyValueSpecification","valueRequired":true,"valueName":"search_term_string"}}],"inLanguage":"es"}]}},"_links":{"self":[{"href":"https:\/\/fac-seguridad.es\/directorio\/wp-json\/wp\/v2\/pages\/123","targetHints":{"allow":["GET"]}}],"collection":[{"href":"https:\/\/fac-seguridad.es\/directorio\/wp-json\/wp\/v2\/pages"}],"about":[{"href":"https:\/\/fac-seguridad.es\/directorio\/wp-json\/wp\/v2\/types\/page"}],"author":[{"embeddable":true,"href":"https:\/\/fac-seguridad.es\/directorio\/wp-json\/wp\/v2\/users\/1"}],"replies":[{"embeddable":true,"href":"https:\/\/fac-seguridad.es\/directorio\/wp-json\/wp\/v2\/comments?post=123"}],"version-history":[{"count":2,"href":"https:\/\/fac-seguridad.es\/directorio\/wp-json\/wp\/v2\/pages\/123\/revisions"}],"predecessor-version":[{"id":884,"href":"https:\/\/fac-seguridad.es\/directorio\/wp-json\/wp\/v2\/pages\/123\/revisions\/884"}],"up":[{"embeddable":true,"href":"https:\/\/fac-seguridad.es\/directorio\/wp-json\/wp\/v2\/pages\/53"}],"wp:attachment":[{"href":"https:\/\/fac-seguridad.es\/directorio\/wp-json\/wp\/v2\/media?parent=123"}],"curies":[{"name":"wp","href":"https:\/\/api.w.org\/{rel}","templated":true}]}}