{"id":131,"date":"2017-12-04T10:33:07","date_gmt":"2017-12-04T10:33:07","guid":{"rendered":"http:\/\/fac-seguridad.es\/directorio\/?page_id=131"},"modified":"2023-11-27T13:32:23","modified_gmt":"2023-11-27T13:32:23","slug":"sevilla","status":"publish","type":"page","link":"https:\/\/fac-seguridad.es\/directorio\/andalucia\/sevilla\/","title":{"rendered":"Sevilla"},"content":{"rendered":"<h1>DISTRIBUIDORES FAC SEGURIDAD EN SEVILLA<\/h1>\n<p>Aqu\u00ed podr\u00e1s encontrar el listado de distribuidores <a href=\"https:\/\/fac-seguridad.es\/\" target=\"_blank\" rel=\"noopener\">FAC Seguridad<\/a> en Sevilla:<\/p>\n<h2>SEVILLA<\/h2>\n<p><strong>BROKFAST<\/strong><br \/>\n954439988<br \/>\nC\/ BROCHA, 20<\/p>\n<p><a href=\"https:\/\/www.ferreteriaelbombin.com\/es\/\" target=\"_blank\" rel=\"noopener noreferrer\"><strong>FERRETER\u00cdA EL BOMB\u00cdN<\/strong><\/a><br \/>\n954997620<br \/>\nC\/ TESAL\u00d3NICA, 1-2-3<\/p>\n<p><a href=\"https:\/\/www.hermanosleondiaz.com\/\" target=\"_blank\" rel=\"noopener noreferrer\"><strong>HERMANOS LE\u00d3N D\u00cdAZ S.L. CAJAS FUERTES<\/strong><\/a><br \/>\n608655724 &#8211; 606720676<br \/>\nC\/ CALATRAVA, 30<\/p>\n<p><a href=\"https:\/\/www.cerrajeriallavessantiago.com\/es\/\" target=\"_blank\" rel=\"noopener noreferrer\"><strong>LLAVES SANTIAGO<\/strong><\/a><br \/>\n954645727<br \/>\nC\/ P\u00c1RROCO ANTONIO G\u00d3MEZ VILLALOBOS, 53<\/p>\n<p><strong>SECAMAR S.C.A.<\/strong><br \/>\n954676743<br \/>\nPOL. IND. EL PINO C\/ PINO SILVESTRE, 19<\/p>\n<p><strong>SOFERRE<\/strong><br \/>\n954259926<br \/>\nAVDA\/ PERO MINGO, 50<\/p>\n<p>&nbsp;<\/p>\n<h2>BOLLULLOS DE LA MITACI\u00d3N<\/h2>\n<p><strong>FERREPIBO<\/strong><br \/>\n955692456<br \/>\nPOL. IND. PIBO AVDA\/ AZNALC\u00c1ZAR, 67<\/p>\n<p>&nbsp;<\/p>\n<h2>CANTILLANA<\/h2>\n<p><strong>MATERIALES ROND\u00d3N SL<\/strong><br \/>\n955731725<br \/>\nCTRA. EL PEDROSO KM-1<\/p>\n<p>&nbsp;<\/p>\n<h2>CARMONA<\/h2>\n<p><a href=\"http:\/\/www.fecosur.es\/\" target=\"_blank\" rel=\"noopener noreferrer\"><strong>FECOSUR<\/strong><\/a><br \/>\n954143317 &#8211; 676309961<br \/>\nCTRA.CARMONA-VISO DEL ALCOR, KM.3<\/p>\n<p><strong>KARMOCERRAJERO<\/strong><br \/>\n<span class=\"LrzXr zdqRlf kno-fv\"><span data-dtype=\"d3ifr\" data-local-attribute=\"d3ph\">626874779<\/span><\/span><br \/>\nC\/ GUADALETE, 20<\/p>\n<p>&nbsp;<\/p>\n<h2>CORIA DEL R\u00cdO<\/h2>\n<p><strong>FERRETER\u00cdA LA MARINA<\/strong><br \/>\n954771024<br \/>\nC\/ ANTONIO CASADO, 9<\/p>\n<p>&nbsp;<\/p>\n<h2>DOS HERMANAS<\/h2>\n<p><strong>DIFESA<\/strong><br \/>\n954124173<br \/>\nAVDA\/ MADRE PAULA MONTALT, 81 &#8211; NAVE 22<\/p>\n<p><strong>FERRETER\u00cdA JIM\u00c9NEZ S.L.<\/strong><br \/>\n955677666<br \/>\nLAS CRUCES, 2 &#8211; PABLO VI, 5<\/p>\n<p>&nbsp;<\/p>\n<h2>\u00c9CIJA<\/h2>\n<p>FERINDU<br \/>\n955900815<br \/>\nC\/ HOSPITAL, 18-A<\/p>\n<p>&nbsp;<\/p>\n<h2>EL SAUCEJO<\/h2>\n<p><strong>FERRETER\u00cdA EL\u00cdAS<\/strong><br \/>\n955218005<br \/>\nCTRA. \u00c9CIJA OLVERA, 11<\/p>\n<p>&nbsp;<\/p>\n<h2>GINES<\/h2>\n<p><a href=\"https:\/\/www.ferreteriaprosperidad.es\/\" target=\"_blank\" rel=\"noopener noreferrer\"><strong>FERRETER\u00cdA PROSPERIDAD<\/strong><\/a><br \/>\n954716050<br \/>\nPOL. IND. LA CERCA DEL PINO C\/ COMERCIO, 8<\/p>\n<p>&nbsp;<\/p>\n<h2>HERRERA<\/h2>\n<p>FERRETER\u00cdA MONTA\u00d1O<br \/>\n954013239<br \/>\nC\/ ANTEQUERA,8<\/p>\n<p>&nbsp;<\/p>\n<h2>LA RINCONADA<\/h2>\n<p><strong>FERRETER\u00cdA JERR<\/strong><br \/>\n954915329<br \/>\nPOL.IND. MAJARAVIQUE, C\/ COMEDIA, NAVE 1<\/p>\n<p>&nbsp;<\/p>\n<h2>LEBRIJA<\/h2>\n<p><strong>FERRETER\u00cdA LA ESCURRIURA<\/strong><br \/>\n669097034 &#8211;\u00a0<span class=\"LrzXr zdqRlf kno-fv\"><span data-dtype=\"d3ifr\" data-local-attribute=\"d3ph\">955970185<\/span><\/span><br \/>\nC\/ CORREDERA, 27<\/p>\n<p>&nbsp;<\/p>\n<h2>LORA DEL R\u00cdO<\/h2>\n<p><a href=\"http:\/\/ferreaxati.com\/index.php?\" target=\"_blank\" rel=\"noopener noreferrer\"><strong>FERREAXATI S.L.<\/strong><\/a><br \/>\n620140643 &#8211; 955803325<br \/>\nPOL. IND. MATALLANA, C\/ AGRICULTURA NAVE 27<\/p>\n<p>&nbsp;<\/p>\n<h2>LOS PALACIOS Y VILLAFRANCA<\/h2>\n<p><strong>BRICO REYES<\/strong><br \/>\n955816560 &#8211;\u00a0<span class=\"LrzXr zdqRlf kno-fv\"><span data-dtype=\"d3ifr\" data-local-attribute=\"d3ph\">670615928<\/span><\/span><br \/>\nAVDA\/ DE MIGUEL \u00c1NGEL, S\/N<\/p>\n<p>&nbsp;<\/p>\n<h2>MARCHENA<\/h2>\n<p><strong>FISUR<\/strong><br \/>\n955846592<br \/>\nC\/ COMPA\u00d1\u00cdA, 37<\/p>\n<p>&nbsp;<\/p>\n<h2>OLIVARES<\/h2>\n<p><strong>FERRETER\u00cdA SAN JER\u00d3NIMO<\/strong><br \/>\n954110032<br \/>\nC\/ LOS TRIGALES, NAVE 5<\/p>\n<p>&nbsp;<\/p>\n<h2>SALTERAS<\/h2>\n<p><a href=\"http:\/\/ferreteriaelbazar.com\/\" target=\"_blank\" rel=\"noopener noreferrer\"><strong>FERRETER\u00cdA EL BAZAR<\/strong><\/a><br \/>\n955707616<br \/>\nC\/ RESOLANA , 13<\/p>\n<p>&nbsp;<\/p>\n<h2>UTRERA<\/h2>\n<p><strong>FERRETER\u00cdA EL LLAVERO<\/strong><br \/>\n955864273 \/ 654027546<br \/>\nAVDA. MAR\u00cdA AUXILIADORA, 142 LOCAL 1.<\/p>\n<p><a href=\"http:\/\/ferreterianavarro.com\/\" target=\"_blank\" rel=\"noopener\"><strong>FERRETER\u00cdA NAVARRO<\/strong><\/a><br \/>\n955862953<br \/>\nC\/ CONSTELACI\u00d3N CEFEO N\u00ba4<\/p>\n<p><strong>FERRETER\u00cdA REJOLAYMA<\/strong><br \/>\n626605742<br \/>\nC\/ CASTILLAL N\u00ba4<\/p>\n<p><strong>MARTINEZ FERRETER\u00cdA Y SUMINISTROS, S.L<\/strong><br \/>\n955867640<br \/>\nPOL. IND EL TORNO C\/ RONDA DE LOS TORNEROS, 10T<\/p>\n<p><a href=\"http:\/\/www.suminco.com\/\" target=\"_blank\" rel=\"noopener noreferrer\"><strong>SUMINCO<\/strong><\/a><br \/>\n955835641<br \/>\nPOL. IND. EL TORNO, RONDA DE LOS TORNEROS, 25<\/p>\n","protected":false},"excerpt":{"rendered":"<p>DISTRIBUIDORES FAC SEGURIDAD EN SEVILLA Aqu\u00ed podr\u00e1s encontrar el listado de distribuidores FAC Seguridad en Sevilla: SEVILLA BROKFAST 954439988 C\/ BROCHA, 20 FERRETER\u00cdA EL BOMB\u00cdN 954997620 C\/ TESAL\u00d3NICA, 1-2-3 HERMANOS LE\u00d3N D\u00cdAZ S.L. CAJAS FUERTES 608655724 &#8211; 606720676 C\/ CALATRAVA, 30 LLAVES SANTIAGO 954645727 C\/ P\u00c1RROCO ANTONIO G\u00d3MEZ VILLALOBOS, 53 SECAMAR S.C.A. 954676743 POL. IND. [&hellip;]<\/p>\n","protected":false},"author":1,"featured_media":0,"parent":53,"menu_order":0,"comment_status":"closed","ping_status":"closed","template":"","meta":{"_et_pb_use_builder":"","_et_pb_old_content":"","_et_gb_content_width":"","footnotes":""},"class_list":["post-131","page","type-page","status-publish","hentry"],"yoast_head":"<!-- This site is optimized with the Yoast SEO plugin v26.0 - https:\/\/yoast.com\/wordpress\/plugins\/seo\/ -->\n<title>Sevilla - Directorio de Empresas Colaboradoras - FAC Seguridad<\/title>\n<meta name=\"description\" content=\"Directorio de distribuidores FAC Seguridad en Sevilla - Encuentra tu distribuidor mas cercano en la provincia de Sevilla. FAC, desde 1931.\" \/>\n<meta name=\"robots\" content=\"index, follow, max-snippet:-1, max-image-preview:large, max-video-preview:-1\" \/>\n<link rel=\"canonical\" href=\"https:\/\/fac-seguridad.es\/directorio\/andalucia\/sevilla\/\" \/>\n<meta property=\"og:locale\" content=\"es_ES\" \/>\n<meta property=\"og:type\" content=\"article\" \/>\n<meta property=\"og:title\" content=\"Sevilla - Directorio de Empresas Colaboradoras - FAC Seguridad\" \/>\n<meta property=\"og:description\" content=\"Directorio de distribuidores FAC Seguridad en Sevilla - Encuentra tu distribuidor mas cercano en la provincia de Sevilla. FAC, desde 1931.\" \/>\n<meta property=\"og:url\" content=\"https:\/\/fac-seguridad.es\/directorio\/andalucia\/sevilla\/\" \/>\n<meta property=\"og:site_name\" content=\"Directorio de Empresas Colaboradoras - FAC Seguridad\" \/>\n<meta property=\"article:publisher\" content=\"https:\/\/www.facebook.com\/fac.seguridad\/\" \/>\n<meta property=\"article:modified_time\" content=\"2023-11-27T13:32:23+00:00\" \/>\n<meta name=\"twitter:card\" content=\"summary_large_image\" \/>\n<meta name=\"twitter:site\" content=\"@fac_seguridad\" \/>\n<meta name=\"twitter:label1\" content=\"Tiempo de lectura\" \/>\n\t<meta name=\"twitter:data1\" content=\"2 minutos\" \/>\n<script type=\"application\/ld+json\" class=\"yoast-schema-graph\">{\"@context\":\"https:\/\/schema.org\",\"@graph\":[{\"@type\":\"WebPage\",\"@id\":\"https:\/\/fac-seguridad.es\/directorio\/andalucia\/sevilla\/\",\"url\":\"https:\/\/fac-seguridad.es\/directorio\/andalucia\/sevilla\/\",\"name\":\"Sevilla - Directorio de Empresas Colaboradoras - FAC Seguridad\",\"isPartOf\":{\"@id\":\"https:\/\/fac-seguridad.es\/directorio\/#website\"},\"datePublished\":\"2017-12-04T10:33:07+00:00\",\"dateModified\":\"2023-11-27T13:32:23+00:00\",\"description\":\"Directorio de distribuidores FAC Seguridad en Sevilla - Encuentra tu distribuidor mas cercano en la provincia de Sevilla. FAC, desde 1931.\",\"breadcrumb\":{\"@id\":\"https:\/\/fac-seguridad.es\/directorio\/andalucia\/sevilla\/#breadcrumb\"},\"inLanguage\":\"es\",\"potentialAction\":[{\"@type\":\"ReadAction\",\"target\":[\"https:\/\/fac-seguridad.es\/directorio\/andalucia\/sevilla\/\"]}]},{\"@type\":\"BreadcrumbList\",\"@id\":\"https:\/\/fac-seguridad.es\/directorio\/andalucia\/sevilla\/#breadcrumb\",\"itemListElement\":[{\"@type\":\"ListItem\",\"position\":1,\"name\":\"Portada\",\"item\":\"https:\/\/fac-seguridad.es\/directorio\/\"},{\"@type\":\"ListItem\",\"position\":2,\"name\":\"Andaluc\u00eda\",\"item\":\"https:\/\/fac-seguridad.es\/directorio\/andalucia\/\"},{\"@type\":\"ListItem\",\"position\":3,\"name\":\"Sevilla\"}]},{\"@type\":\"WebSite\",\"@id\":\"https:\/\/fac-seguridad.es\/directorio\/#website\",\"url\":\"https:\/\/fac-seguridad.es\/directorio\/\",\"name\":\"Directorio de Empresas Colaboradoras - FAC Seguridad\",\"description\":\"Directorio de Empresas Colaboradoras organizado por provincias.\",\"potentialAction\":[{\"@type\":\"SearchAction\",\"target\":{\"@type\":\"EntryPoint\",\"urlTemplate\":\"https:\/\/fac-seguridad.es\/directorio\/?s={search_term_string}\"},\"query-input\":{\"@type\":\"PropertyValueSpecification\",\"valueRequired\":true,\"valueName\":\"search_term_string\"}}],\"inLanguage\":\"es\"}]}<\/script>\n<!-- \/ Yoast SEO plugin. -->","yoast_head_json":{"title":"Sevilla - Directorio de Empresas Colaboradoras - FAC Seguridad","description":"Directorio de distribuidores FAC Seguridad en Sevilla - Encuentra tu distribuidor mas cercano en la provincia de Sevilla. FAC, desde 1931.","robots":{"index":"index","follow":"follow","max-snippet":"max-snippet:-1","max-image-preview":"max-image-preview:large","max-video-preview":"max-video-preview:-1"},"canonical":"https:\/\/fac-seguridad.es\/directorio\/andalucia\/sevilla\/","og_locale":"es_ES","og_type":"article","og_title":"Sevilla - Directorio de Empresas Colaboradoras - FAC Seguridad","og_description":"Directorio de distribuidores FAC Seguridad en Sevilla - Encuentra tu distribuidor mas cercano en la provincia de Sevilla. FAC, desde 1931.","og_url":"https:\/\/fac-seguridad.es\/directorio\/andalucia\/sevilla\/","og_site_name":"Directorio de Empresas Colaboradoras - FAC Seguridad","article_publisher":"https:\/\/www.facebook.com\/fac.seguridad\/","article_modified_time":"2023-11-27T13:32:23+00:00","twitter_card":"summary_large_image","twitter_site":"@fac_seguridad","twitter_misc":{"Tiempo de lectura":"2 minutos"},"schema":{"@context":"https:\/\/schema.org","@graph":[{"@type":"WebPage","@id":"https:\/\/fac-seguridad.es\/directorio\/andalucia\/sevilla\/","url":"https:\/\/fac-seguridad.es\/directorio\/andalucia\/sevilla\/","name":"Sevilla - Directorio de Empresas Colaboradoras - FAC Seguridad","isPartOf":{"@id":"https:\/\/fac-seguridad.es\/directorio\/#website"},"datePublished":"2017-12-04T10:33:07+00:00","dateModified":"2023-11-27T13:32:23+00:00","description":"Directorio de distribuidores FAC Seguridad en Sevilla - Encuentra tu distribuidor mas cercano en la provincia de Sevilla. FAC, desde 1931.","breadcrumb":{"@id":"https:\/\/fac-seguridad.es\/directorio\/andalucia\/sevilla\/#breadcrumb"},"inLanguage":"es","potentialAction":[{"@type":"ReadAction","target":["https:\/\/fac-seguridad.es\/directorio\/andalucia\/sevilla\/"]}]},{"@type":"BreadcrumbList","@id":"https:\/\/fac-seguridad.es\/directorio\/andalucia\/sevilla\/#breadcrumb","itemListElement":[{"@type":"ListItem","position":1,"name":"Portada","item":"https:\/\/fac-seguridad.es\/directorio\/"},{"@type":"ListItem","position":2,"name":"Andaluc\u00eda","item":"https:\/\/fac-seguridad.es\/directorio\/andalucia\/"},{"@type":"ListItem","position":3,"name":"Sevilla"}]},{"@type":"WebSite","@id":"https:\/\/fac-seguridad.es\/directorio\/#website","url":"https:\/\/fac-seguridad.es\/directorio\/","name":"Directorio de Empresas Colaboradoras - FAC Seguridad","description":"Directorio de Empresas Colaboradoras organizado por provincias.","potentialAction":[{"@type":"SearchAction","target":{"@type":"EntryPoint","urlTemplate":"https:\/\/fac-seguridad.es\/directorio\/?s={search_term_string}"},"query-input":{"@type":"PropertyValueSpecification","valueRequired":true,"valueName":"search_term_string"}}],"inLanguage":"es"}]}},"_links":{"self":[{"href":"https:\/\/fac-seguridad.es\/directorio\/wp-json\/wp\/v2\/pages\/131","targetHints":{"allow":["GET"]}}],"collection":[{"href":"https:\/\/fac-seguridad.es\/directorio\/wp-json\/wp\/v2\/pages"}],"about":[{"href":"https:\/\/fac-seguridad.es\/directorio\/wp-json\/wp\/v2\/types\/page"}],"author":[{"embeddable":true,"href":"https:\/\/fac-seguridad.es\/directorio\/wp-json\/wp\/v2\/users\/1"}],"replies":[{"embeddable":true,"href":"https:\/\/fac-seguridad.es\/directorio\/wp-json\/wp\/v2\/comments?post=131"}],"version-history":[{"count":5,"href":"https:\/\/fac-seguridad.es\/directorio\/wp-json\/wp\/v2\/pages\/131\/revisions"}],"predecessor-version":[{"id":1038,"href":"https:\/\/fac-seguridad.es\/directorio\/wp-json\/wp\/v2\/pages\/131\/revisions\/1038"}],"up":[{"embeddable":true,"href":"https:\/\/fac-seguridad.es\/directorio\/wp-json\/wp\/v2\/pages\/53"}],"wp:attachment":[{"href":"https:\/\/fac-seguridad.es\/directorio\/wp-json\/wp\/v2\/media?parent=131"}],"curies":[{"name":"wp","href":"https:\/\/api.w.org\/{rel}","templated":true}]}}