{"id":145,"date":"2017-12-04T10:56:30","date_gmt":"2017-12-04T10:56:30","guid":{"rendered":"http:\/\/fac-seguridad.es\/directorio\/?page_id=145"},"modified":"2021-07-05T10:12:04","modified_gmt":"2021-07-05T10:12:04","slug":"valladolid","status":"publish","type":"page","link":"https:\/\/fac-seguridad.es\/directorio\/castilla-y-leon\/valladolid\/","title":{"rendered":"Valladolid"},"content":{"rendered":"<h1>DISTRIBUIDORES FAC SEGURIDAD EN VALLADOLID<\/h1>\n<p>Aqu\u00ed podr\u00e1s encontrar el listado de distribuidores <a href=\"https:\/\/fac-seguridad.es\/\">FAC Seguridad<\/a> en Valladolid:<\/p>\n<h2>VALLADOLID<\/h2>\n<p><a href=\"https:\/\/www.deantecerrajeria.com\/\" target=\"_blank\" rel=\"noopener noreferrer\"><strong>DEANTE CERRAJER\u00cdA<\/strong><\/a><br \/>\n983 201 621<br \/>\nC\/ LABRADORES, 1<\/p>\n<p><a href=\"https:\/\/www.grupocamara.es\/\" target=\"_blank\" rel=\"noopener noreferrer\"><strong>GRUPO C\u00c1MARA<\/strong><\/a><br \/>\n983 296 400<br \/>\nC\/ N\u00cdQUEL, 2 (POL. SAN CRISTOBAL)<\/p>\n<p><strong>IMA COMERCIAL FERRETER\u00cdA<\/strong><br \/>\n983 231 771<br \/>\nC\/ PASEO DE ZORRILLA, 117<\/p>\n<p><a href=\"https:\/\/maorferreteria.es\/\" target=\"_blank\" rel=\"noopener noreferrer\"><strong>MAOR FERRETER\u00cdA<\/strong><\/a><br \/>\n983 29 55 57 &#8211; 680 46 05 57<br \/>\nC\/ ESTA\u00d1O, 31<\/p>\n<p><a href=\"http:\/\/www.micerrajero.es\/\" target=\"_blank\" rel=\"noopener noreferrer\"><strong>OKY MI CERRAJERO<\/strong><\/a><br \/>\n983 30 64 76 &#8211; 618 222 777<br \/>\nC\/ MURCIA, 6<\/p>\n<p>&nbsp;<\/p>\n","protected":false},"excerpt":{"rendered":"<p>DISTRIBUIDORES FAC SEGURIDAD EN VALLADOLID Aqu\u00ed podr\u00e1s encontrar el listado de distribuidores FAC Seguridad en Valladolid: VALLADOLID DEANTE CERRAJER\u00cdA 983 201 621 C\/ LABRADORES, 1 GRUPO C\u00c1MARA 983 296 400 C\/ N\u00cdQUEL, 2 (POL. SAN CRISTOBAL) IMA COMERCIAL FERRETER\u00cdA 983 231 771 C\/ PASEO DE ZORRILLA, 117 MAOR FERRETER\u00cdA 983 29 55 57 &#8211; 680 [&hellip;]<\/p>\n","protected":false},"author":1,"featured_media":0,"parent":63,"menu_order":0,"comment_status":"closed","ping_status":"closed","template":"","meta":{"_et_pb_use_builder":"","_et_pb_old_content":"","_et_gb_content_width":"","footnotes":""},"class_list":["post-145","page","type-page","status-publish","hentry"],"yoast_head":"<!-- This site is optimized with the Yoast SEO plugin v26.0 - https:\/\/yoast.com\/wordpress\/plugins\/seo\/ -->\n<title>Valladolid - Directorio de Empresas Colaboradoras - FAC Seguridad<\/title>\n<meta name=\"description\" content=\"Directorio de distribuidores FAC Seguridad en Valladolid - Encuentra tu distribuidor mas cercano en la provincia de Valladolid.\" \/>\n<meta name=\"robots\" content=\"index, follow, max-snippet:-1, max-image-preview:large, max-video-preview:-1\" \/>\n<link rel=\"canonical\" href=\"https:\/\/fac-seguridad.es\/directorio\/castilla-y-leon\/valladolid\/\" \/>\n<meta property=\"og:locale\" content=\"es_ES\" \/>\n<meta property=\"og:type\" content=\"article\" \/>\n<meta property=\"og:title\" content=\"Valladolid - Directorio de Empresas Colaboradoras - FAC Seguridad\" \/>\n<meta property=\"og:description\" content=\"Directorio de distribuidores FAC Seguridad en Valladolid - Encuentra tu distribuidor mas cercano en la provincia de Valladolid.\" \/>\n<meta property=\"og:url\" content=\"https:\/\/fac-seguridad.es\/directorio\/castilla-y-leon\/valladolid\/\" \/>\n<meta property=\"og:site_name\" content=\"Directorio de Empresas Colaboradoras - FAC Seguridad\" \/>\n<meta property=\"article:publisher\" content=\"https:\/\/www.facebook.com\/fac.seguridad\/\" \/>\n<meta property=\"article:modified_time\" content=\"2021-07-05T10:12:04+00:00\" \/>\n<meta name=\"twitter:card\" content=\"summary_large_image\" \/>\n<meta name=\"twitter:site\" content=\"@fac_seguridad\" \/>\n<meta name=\"twitter:label1\" content=\"Tiempo de lectura\" \/>\n\t<meta name=\"twitter:data1\" content=\"1 minuto\" \/>\n<script type=\"application\/ld+json\" class=\"yoast-schema-graph\">{\"@context\":\"https:\/\/schema.org\",\"@graph\":[{\"@type\":\"WebPage\",\"@id\":\"https:\/\/fac-seguridad.es\/directorio\/castilla-y-leon\/valladolid\/\",\"url\":\"https:\/\/fac-seguridad.es\/directorio\/castilla-y-leon\/valladolid\/\",\"name\":\"Valladolid - Directorio de Empresas Colaboradoras - FAC Seguridad\",\"isPartOf\":{\"@id\":\"https:\/\/fac-seguridad.es\/directorio\/#website\"},\"datePublished\":\"2017-12-04T10:56:30+00:00\",\"dateModified\":\"2021-07-05T10:12:04+00:00\",\"description\":\"Directorio de distribuidores FAC Seguridad en Valladolid - Encuentra tu distribuidor mas cercano en la provincia de Valladolid.\",\"breadcrumb\":{\"@id\":\"https:\/\/fac-seguridad.es\/directorio\/castilla-y-leon\/valladolid\/#breadcrumb\"},\"inLanguage\":\"es\",\"potentialAction\":[{\"@type\":\"ReadAction\",\"target\":[\"https:\/\/fac-seguridad.es\/directorio\/castilla-y-leon\/valladolid\/\"]}]},{\"@type\":\"BreadcrumbList\",\"@id\":\"https:\/\/fac-seguridad.es\/directorio\/castilla-y-leon\/valladolid\/#breadcrumb\",\"itemListElement\":[{\"@type\":\"ListItem\",\"position\":1,\"name\":\"Portada\",\"item\":\"https:\/\/fac-seguridad.es\/directorio\/\"},{\"@type\":\"ListItem\",\"position\":2,\"name\":\"Castilla y Le\u00f3n\",\"item\":\"https:\/\/fac-seguridad.es\/directorio\/castilla-y-leon\/\"},{\"@type\":\"ListItem\",\"position\":3,\"name\":\"Valladolid\"}]},{\"@type\":\"WebSite\",\"@id\":\"https:\/\/fac-seguridad.es\/directorio\/#website\",\"url\":\"https:\/\/fac-seguridad.es\/directorio\/\",\"name\":\"Directorio de Empresas Colaboradoras - FAC Seguridad\",\"description\":\"Directorio de Empresas Colaboradoras organizado por provincias.\",\"potentialAction\":[{\"@type\":\"SearchAction\",\"target\":{\"@type\":\"EntryPoint\",\"urlTemplate\":\"https:\/\/fac-seguridad.es\/directorio\/?s={search_term_string}\"},\"query-input\":{\"@type\":\"PropertyValueSpecification\",\"valueRequired\":true,\"valueName\":\"search_term_string\"}}],\"inLanguage\":\"es\"}]}<\/script>\n<!-- \/ Yoast SEO plugin. -->","yoast_head_json":{"title":"Valladolid - Directorio de Empresas Colaboradoras - FAC Seguridad","description":"Directorio de distribuidores FAC Seguridad en Valladolid - Encuentra tu distribuidor mas cercano en la provincia de Valladolid.","robots":{"index":"index","follow":"follow","max-snippet":"max-snippet:-1","max-image-preview":"max-image-preview:large","max-video-preview":"max-video-preview:-1"},"canonical":"https:\/\/fac-seguridad.es\/directorio\/castilla-y-leon\/valladolid\/","og_locale":"es_ES","og_type":"article","og_title":"Valladolid - Directorio de Empresas Colaboradoras - FAC Seguridad","og_description":"Directorio de distribuidores FAC Seguridad en Valladolid - Encuentra tu distribuidor mas cercano en la provincia de Valladolid.","og_url":"https:\/\/fac-seguridad.es\/directorio\/castilla-y-leon\/valladolid\/","og_site_name":"Directorio de Empresas Colaboradoras - FAC Seguridad","article_publisher":"https:\/\/www.facebook.com\/fac.seguridad\/","article_modified_time":"2021-07-05T10:12:04+00:00","twitter_card":"summary_large_image","twitter_site":"@fac_seguridad","twitter_misc":{"Tiempo de lectura":"1 minuto"},"schema":{"@context":"https:\/\/schema.org","@graph":[{"@type":"WebPage","@id":"https:\/\/fac-seguridad.es\/directorio\/castilla-y-leon\/valladolid\/","url":"https:\/\/fac-seguridad.es\/directorio\/castilla-y-leon\/valladolid\/","name":"Valladolid - Directorio de Empresas Colaboradoras - FAC Seguridad","isPartOf":{"@id":"https:\/\/fac-seguridad.es\/directorio\/#website"},"datePublished":"2017-12-04T10:56:30+00:00","dateModified":"2021-07-05T10:12:04+00:00","description":"Directorio de distribuidores FAC Seguridad en Valladolid - Encuentra tu distribuidor mas cercano en la provincia de Valladolid.","breadcrumb":{"@id":"https:\/\/fac-seguridad.es\/directorio\/castilla-y-leon\/valladolid\/#breadcrumb"},"inLanguage":"es","potentialAction":[{"@type":"ReadAction","target":["https:\/\/fac-seguridad.es\/directorio\/castilla-y-leon\/valladolid\/"]}]},{"@type":"BreadcrumbList","@id":"https:\/\/fac-seguridad.es\/directorio\/castilla-y-leon\/valladolid\/#breadcrumb","itemListElement":[{"@type":"ListItem","position":1,"name":"Portada","item":"https:\/\/fac-seguridad.es\/directorio\/"},{"@type":"ListItem","position":2,"name":"Castilla y Le\u00f3n","item":"https:\/\/fac-seguridad.es\/directorio\/castilla-y-leon\/"},{"@type":"ListItem","position":3,"name":"Valladolid"}]},{"@type":"WebSite","@id":"https:\/\/fac-seguridad.es\/directorio\/#website","url":"https:\/\/fac-seguridad.es\/directorio\/","name":"Directorio de Empresas Colaboradoras - FAC Seguridad","description":"Directorio de Empresas Colaboradoras organizado por provincias.","potentialAction":[{"@type":"SearchAction","target":{"@type":"EntryPoint","urlTemplate":"https:\/\/fac-seguridad.es\/directorio\/?s={search_term_string}"},"query-input":{"@type":"PropertyValueSpecification","valueRequired":true,"valueName":"search_term_string"}}],"inLanguage":"es"}]}},"_links":{"self":[{"href":"https:\/\/fac-seguridad.es\/directorio\/wp-json\/wp\/v2\/pages\/145","targetHints":{"allow":["GET"]}}],"collection":[{"href":"https:\/\/fac-seguridad.es\/directorio\/wp-json\/wp\/v2\/pages"}],"about":[{"href":"https:\/\/fac-seguridad.es\/directorio\/wp-json\/wp\/v2\/types\/page"}],"author":[{"embeddable":true,"href":"https:\/\/fac-seguridad.es\/directorio\/wp-json\/wp\/v2\/users\/1"}],"replies":[{"embeddable":true,"href":"https:\/\/fac-seguridad.es\/directorio\/wp-json\/wp\/v2\/comments?post=145"}],"version-history":[{"count":2,"href":"https:\/\/fac-seguridad.es\/directorio\/wp-json\/wp\/v2\/pages\/145\/revisions"}],"predecessor-version":[{"id":909,"href":"https:\/\/fac-seguridad.es\/directorio\/wp-json\/wp\/v2\/pages\/145\/revisions\/909"}],"up":[{"embeddable":true,"href":"https:\/\/fac-seguridad.es\/directorio\/wp-json\/wp\/v2\/pages\/63"}],"wp:attachment":[{"href":"https:\/\/fac-seguridad.es\/directorio\/wp-json\/wp\/v2\/media?parent=145"}],"curies":[{"name":"wp","href":"https:\/\/api.w.org\/{rel}","templated":true}]}}