{"id":169,"date":"2017-12-05T10:15:59","date_gmt":"2017-12-05T10:15:59","guid":{"rendered":"http:\/\/fac-seguridad.es\/directorio\/?page_id=169"},"modified":"2021-07-02T11:51:57","modified_gmt":"2021-07-02T11:51:57","slug":"granada","status":"publish","type":"page","link":"https:\/\/fac-seguridad.es\/directorio\/andalucia\/granada\/","title":{"rendered":"Granada"},"content":{"rendered":"<h1>DISTRIBUIDORES FAC SEGURIDAD EN GRANADA<\/h1>\n<p>Aqu\u00ed podr\u00e1s encontrar el listado de distribuidores <a href=\"https:\/\/fac-seguridad.es\/\">FAC Seguridad<\/a> en Granada:<\/p>\n<h2>GRANADA<\/h2>\n<p><a href=\"https:\/\/www.cerrajeriasol.es\/\" target=\"_blank\" rel=\"noopener noreferrer\"><strong>CERRAJER\u00cdA SOL<\/strong><\/a><br \/>\n958278555 &#8211; 659492541<br \/>\nC\/ PINTOR RODRIGUEZ ACOSTA, 9<\/p>\n<p><a href=\"http:\/\/www.ferreteriadelsaz.com\/\" target=\"_blank\" rel=\"noopener noreferrer\"><strong>F&amp;S &#8211; FERRETER\u00cdA M. DEL SAZ<\/strong><\/a><br \/>\n958816409<br \/>\nC\/ TORRE DE LAS DAMAS, 1 LC-B<\/p>\n<p>&nbsp;<\/p>\n<h2>GUADIX<\/h2>\n<p><strong>ARMER\u00cdA ENRI<\/strong><br \/>\n958660872<br \/>\nAVDA\/ MEDINA OLMOS, 35<\/p>\n<p>&nbsp;<\/p>\n<h2>PELIGROS<\/h2>\n<p><a href=\"https:\/\/ba\u00f1onysanchez.com\/\" target=\"_blank\" rel=\"noopener noreferrer\"><strong>BA\u00d1\u00d3N Y S\u00c1NCHEZ S.L.<\/strong><\/a><br \/>\n958402216<br \/>\nC\/ C\u00d3RDOBA, S\/N<\/p>\n","protected":false},"excerpt":{"rendered":"<p>DISTRIBUIDORES FAC SEGURIDAD EN GRANADA Aqu\u00ed podr\u00e1s encontrar el listado de distribuidores FAC Seguridad en Granada: GRANADA CERRAJER\u00cdA SOL 958278555 &#8211; 659492541 C\/ PINTOR RODRIGUEZ ACOSTA, 9 F&amp;S &#8211; FERRETER\u00cdA M. DEL SAZ 958816409 C\/ TORRE DE LAS DAMAS, 1 LC-B &nbsp; GUADIX ARMER\u00cdA ENRI 958660872 AVDA\/ MEDINA OLMOS, 35 &nbsp; PELIGROS BA\u00d1\u00d3N Y S\u00c1NCHEZ [&hellip;]<\/p>\n","protected":false},"author":1,"featured_media":0,"parent":53,"menu_order":0,"comment_status":"closed","ping_status":"closed","template":"","meta":{"_et_pb_use_builder":"","_et_pb_old_content":"","_et_gb_content_width":"","footnotes":""},"class_list":["post-169","page","type-page","status-publish","hentry"],"yoast_head":"<!-- This site is optimized with the Yoast SEO plugin v26.0 - https:\/\/yoast.com\/wordpress\/plugins\/seo\/ -->\n<title>Granada - Directorio de Empresas Colaboradoras - FAC Seguridad<\/title>\n<meta name=\"description\" content=\"Directorio de distribuidores FAC Seguridad en Granada- Encuentra tu distribuidor mas cercano en la provincia de Granada. FAC, desde 1931.\" \/>\n<meta name=\"robots\" content=\"index, follow, max-snippet:-1, max-image-preview:large, max-video-preview:-1\" \/>\n<link rel=\"canonical\" href=\"https:\/\/fac-seguridad.es\/directorio\/andalucia\/granada\/\" \/>\n<meta property=\"og:locale\" content=\"es_ES\" \/>\n<meta property=\"og:type\" content=\"article\" \/>\n<meta property=\"og:title\" content=\"Granada - Directorio de Empresas Colaboradoras - FAC Seguridad\" \/>\n<meta property=\"og:description\" content=\"Directorio de distribuidores FAC Seguridad en Granada- Encuentra tu distribuidor mas cercano en la provincia de Granada. FAC, desde 1931.\" \/>\n<meta property=\"og:url\" content=\"https:\/\/fac-seguridad.es\/directorio\/andalucia\/granada\/\" \/>\n<meta property=\"og:site_name\" content=\"Directorio de Empresas Colaboradoras - FAC Seguridad\" \/>\n<meta property=\"article:publisher\" content=\"https:\/\/www.facebook.com\/fac.seguridad\/\" \/>\n<meta property=\"article:modified_time\" content=\"2021-07-02T11:51:57+00:00\" \/>\n<meta name=\"twitter:card\" content=\"summary_large_image\" \/>\n<meta name=\"twitter:site\" content=\"@fac_seguridad\" \/>\n<meta name=\"twitter:label1\" content=\"Tiempo de lectura\" \/>\n\t<meta name=\"twitter:data1\" content=\"1 minuto\" \/>\n<script type=\"application\/ld+json\" class=\"yoast-schema-graph\">{\"@context\":\"https:\/\/schema.org\",\"@graph\":[{\"@type\":\"WebPage\",\"@id\":\"https:\/\/fac-seguridad.es\/directorio\/andalucia\/granada\/\",\"url\":\"https:\/\/fac-seguridad.es\/directorio\/andalucia\/granada\/\",\"name\":\"Granada - Directorio de Empresas Colaboradoras - FAC Seguridad\",\"isPartOf\":{\"@id\":\"https:\/\/fac-seguridad.es\/directorio\/#website\"},\"datePublished\":\"2017-12-05T10:15:59+00:00\",\"dateModified\":\"2021-07-02T11:51:57+00:00\",\"description\":\"Directorio de distribuidores FAC Seguridad en Granada- Encuentra tu distribuidor mas cercano en la provincia de Granada. FAC, desde 1931.\",\"breadcrumb\":{\"@id\":\"https:\/\/fac-seguridad.es\/directorio\/andalucia\/granada\/#breadcrumb\"},\"inLanguage\":\"es\",\"potentialAction\":[{\"@type\":\"ReadAction\",\"target\":[\"https:\/\/fac-seguridad.es\/directorio\/andalucia\/granada\/\"]}]},{\"@type\":\"BreadcrumbList\",\"@id\":\"https:\/\/fac-seguridad.es\/directorio\/andalucia\/granada\/#breadcrumb\",\"itemListElement\":[{\"@type\":\"ListItem\",\"position\":1,\"name\":\"Portada\",\"item\":\"https:\/\/fac-seguridad.es\/directorio\/\"},{\"@type\":\"ListItem\",\"position\":2,\"name\":\"Andaluc\u00eda\",\"item\":\"https:\/\/fac-seguridad.es\/directorio\/andalucia\/\"},{\"@type\":\"ListItem\",\"position\":3,\"name\":\"Granada\"}]},{\"@type\":\"WebSite\",\"@id\":\"https:\/\/fac-seguridad.es\/directorio\/#website\",\"url\":\"https:\/\/fac-seguridad.es\/directorio\/\",\"name\":\"Directorio de Empresas Colaboradoras - FAC Seguridad\",\"description\":\"Directorio de Empresas Colaboradoras organizado por provincias.\",\"potentialAction\":[{\"@type\":\"SearchAction\",\"target\":{\"@type\":\"EntryPoint\",\"urlTemplate\":\"https:\/\/fac-seguridad.es\/directorio\/?s={search_term_string}\"},\"query-input\":{\"@type\":\"PropertyValueSpecification\",\"valueRequired\":true,\"valueName\":\"search_term_string\"}}],\"inLanguage\":\"es\"}]}<\/script>\n<!-- \/ Yoast SEO plugin. -->","yoast_head_json":{"title":"Granada - Directorio de Empresas Colaboradoras - FAC Seguridad","description":"Directorio de distribuidores FAC Seguridad en Granada- Encuentra tu distribuidor mas cercano en la provincia de Granada. FAC, desde 1931.","robots":{"index":"index","follow":"follow","max-snippet":"max-snippet:-1","max-image-preview":"max-image-preview:large","max-video-preview":"max-video-preview:-1"},"canonical":"https:\/\/fac-seguridad.es\/directorio\/andalucia\/granada\/","og_locale":"es_ES","og_type":"article","og_title":"Granada - Directorio de Empresas Colaboradoras - FAC Seguridad","og_description":"Directorio de distribuidores FAC Seguridad en Granada- Encuentra tu distribuidor mas cercano en la provincia de Granada. FAC, desde 1931.","og_url":"https:\/\/fac-seguridad.es\/directorio\/andalucia\/granada\/","og_site_name":"Directorio de Empresas Colaboradoras - FAC Seguridad","article_publisher":"https:\/\/www.facebook.com\/fac.seguridad\/","article_modified_time":"2021-07-02T11:51:57+00:00","twitter_card":"summary_large_image","twitter_site":"@fac_seguridad","twitter_misc":{"Tiempo de lectura":"1 minuto"},"schema":{"@context":"https:\/\/schema.org","@graph":[{"@type":"WebPage","@id":"https:\/\/fac-seguridad.es\/directorio\/andalucia\/granada\/","url":"https:\/\/fac-seguridad.es\/directorio\/andalucia\/granada\/","name":"Granada - Directorio de Empresas Colaboradoras - FAC Seguridad","isPartOf":{"@id":"https:\/\/fac-seguridad.es\/directorio\/#website"},"datePublished":"2017-12-05T10:15:59+00:00","dateModified":"2021-07-02T11:51:57+00:00","description":"Directorio de distribuidores FAC Seguridad en Granada- Encuentra tu distribuidor mas cercano en la provincia de Granada. FAC, desde 1931.","breadcrumb":{"@id":"https:\/\/fac-seguridad.es\/directorio\/andalucia\/granada\/#breadcrumb"},"inLanguage":"es","potentialAction":[{"@type":"ReadAction","target":["https:\/\/fac-seguridad.es\/directorio\/andalucia\/granada\/"]}]},{"@type":"BreadcrumbList","@id":"https:\/\/fac-seguridad.es\/directorio\/andalucia\/granada\/#breadcrumb","itemListElement":[{"@type":"ListItem","position":1,"name":"Portada","item":"https:\/\/fac-seguridad.es\/directorio\/"},{"@type":"ListItem","position":2,"name":"Andaluc\u00eda","item":"https:\/\/fac-seguridad.es\/directorio\/andalucia\/"},{"@type":"ListItem","position":3,"name":"Granada"}]},{"@type":"WebSite","@id":"https:\/\/fac-seguridad.es\/directorio\/#website","url":"https:\/\/fac-seguridad.es\/directorio\/","name":"Directorio de Empresas Colaboradoras - FAC Seguridad","description":"Directorio de Empresas Colaboradoras organizado por provincias.","potentialAction":[{"@type":"SearchAction","target":{"@type":"EntryPoint","urlTemplate":"https:\/\/fac-seguridad.es\/directorio\/?s={search_term_string}"},"query-input":{"@type":"PropertyValueSpecification","valueRequired":true,"valueName":"search_term_string"}}],"inLanguage":"es"}]}},"_links":{"self":[{"href":"https:\/\/fac-seguridad.es\/directorio\/wp-json\/wp\/v2\/pages\/169","targetHints":{"allow":["GET"]}}],"collection":[{"href":"https:\/\/fac-seguridad.es\/directorio\/wp-json\/wp\/v2\/pages"}],"about":[{"href":"https:\/\/fac-seguridad.es\/directorio\/wp-json\/wp\/v2\/types\/page"}],"author":[{"embeddable":true,"href":"https:\/\/fac-seguridad.es\/directorio\/wp-json\/wp\/v2\/users\/1"}],"replies":[{"embeddable":true,"href":"https:\/\/fac-seguridad.es\/directorio\/wp-json\/wp\/v2\/comments?post=169"}],"version-history":[{"count":3,"href":"https:\/\/fac-seguridad.es\/directorio\/wp-json\/wp\/v2\/pages\/169\/revisions"}],"predecessor-version":[{"id":891,"href":"https:\/\/fac-seguridad.es\/directorio\/wp-json\/wp\/v2\/pages\/169\/revisions\/891"}],"up":[{"embeddable":true,"href":"https:\/\/fac-seguridad.es\/directorio\/wp-json\/wp\/v2\/pages\/53"}],"wp:attachment":[{"href":"https:\/\/fac-seguridad.es\/directorio\/wp-json\/wp\/v2\/media?parent=169"}],"curies":[{"name":"wp","href":"https:\/\/api.w.org\/{rel}","templated":true}]}}