{"id":188,"date":"2017-12-05T11:30:52","date_gmt":"2017-12-05T11:30:52","guid":{"rendered":"http:\/\/fac-seguridad.es\/directorio\/?page_id=188"},"modified":"2021-07-05T11:07:05","modified_gmt":"2021-07-05T11:07:05","slug":"navarra","status":"publish","type":"page","link":"https:\/\/fac-seguridad.es\/directorio\/navarra\/navarra\/","title":{"rendered":"Navarra"},"content":{"rendered":"<h1>DISTRIBUIDORES FAC SEGURIDAD EN NAVARRA<\/h1>\n<p>Aqu\u00ed podr\u00e1s encontrar el listado de distribuidores <a href=\"https:\/\/fac-seguridad.es\/\">FAC Seguridad<\/a> en Navarra:<\/p>\n<h2>PAMPLONA<\/h2>\n<p><a href=\"http:\/\/www.ireki.es\/\" target=\"_blank\" rel=\"noopener noreferrer\"><strong>CERRAJER\u00cdA IREKI<\/strong><\/a><br \/>\n948 152 928<br \/>\nC\/ OLITE, 32<\/p>\n<p><strong>TCS SUMINISTROS<\/strong><br \/>\n948 144 279<br \/>\nC\/ DE LOS CAMPOS, SN<\/p>\n<p>&nbsp;<\/p>\n<h2>BARBATAIN<\/h2>\n<p><a href=\"http:\/\/www.selk.es\/suministros-industriales\/selk.html\" target=\"_blank\" rel=\"noopener noreferrer\"><strong>SELK, SELECCI\u00d3N DE SUMINISTROS INDUSTRIALES<\/strong><\/a><br \/>\n948 234 181<br \/>\nPOL. IND. COMARCA II, C\/B, 17<\/p>\n<p>&nbsp;<\/p>\n<h2>TUDELA<\/h2>\n<p><a href=\"http:\/\/mateomunoz.com\/\" target=\"_blank\" rel=\"noopener noreferrer\"><strong>MATEO MU\u00d1OZ S.L.<\/strong><\/a><br \/>\n948 410 870<br \/>\nC\/ ARANZA VIDES, 1<\/p>\n","protected":false},"excerpt":{"rendered":"<p>DISTRIBUIDORES FAC SEGURIDAD EN NAVARRA Aqu\u00ed podr\u00e1s encontrar el listado de distribuidores FAC Seguridad en Navarra: PAMPLONA CERRAJER\u00cdA IREKI 948 152 928 C\/ OLITE, 32 TCS SUMINISTROS 948 144 279 C\/ DE LOS CAMPOS, SN &nbsp; BARBATAIN SELK, SELECCI\u00d3N DE SUMINISTROS INDUSTRIALES 948 234 181 POL. IND. COMARCA II, C\/B, 17 &nbsp; TUDELA MATEO MU\u00d1OZ [&hellip;]<\/p>\n","protected":false},"author":1,"featured_media":0,"parent":83,"menu_order":0,"comment_status":"closed","ping_status":"closed","template":"","meta":{"_et_pb_use_builder":"","_et_pb_old_content":"","_et_gb_content_width":"","footnotes":""},"class_list":["post-188","page","type-page","status-publish","hentry"],"yoast_head":"<!-- This site is optimized with the Yoast SEO plugin v26.0 - https:\/\/yoast.com\/wordpress\/plugins\/seo\/ -->\n<title>Navarra - Directorio de Empresas Colaboradoras - FAC Seguridad<\/title>\n<meta name=\"description\" content=\"Directorio de distribuidores FAC Seguridad en Navarra - Encuentra tu distribuidor mas cercano en la Navarra. FAC, desde 1931.\" \/>\n<meta name=\"robots\" content=\"index, follow, max-snippet:-1, max-image-preview:large, max-video-preview:-1\" \/>\n<link rel=\"canonical\" href=\"https:\/\/fac-seguridad.es\/directorio\/navarra\/navarra\/\" \/>\n<meta property=\"og:locale\" content=\"es_ES\" \/>\n<meta property=\"og:type\" content=\"article\" \/>\n<meta property=\"og:title\" content=\"Navarra - Directorio de Empresas Colaboradoras - FAC Seguridad\" \/>\n<meta property=\"og:description\" content=\"Directorio de distribuidores FAC Seguridad en Navarra - Encuentra tu distribuidor mas cercano en la Navarra. FAC, desde 1931.\" \/>\n<meta property=\"og:url\" content=\"https:\/\/fac-seguridad.es\/directorio\/navarra\/navarra\/\" \/>\n<meta property=\"og:site_name\" content=\"Directorio de Empresas Colaboradoras - FAC Seguridad\" \/>\n<meta property=\"article:publisher\" content=\"https:\/\/www.facebook.com\/fac.seguridad\/\" \/>\n<meta property=\"article:modified_time\" content=\"2021-07-05T11:07:05+00:00\" \/>\n<meta name=\"twitter:card\" content=\"summary_large_image\" \/>\n<meta name=\"twitter:site\" content=\"@fac_seguridad\" \/>\n<meta name=\"twitter:label1\" content=\"Tiempo de lectura\" \/>\n\t<meta name=\"twitter:data1\" content=\"1 minuto\" \/>\n<script type=\"application\/ld+json\" class=\"yoast-schema-graph\">{\"@context\":\"https:\/\/schema.org\",\"@graph\":[{\"@type\":\"WebPage\",\"@id\":\"https:\/\/fac-seguridad.es\/directorio\/navarra\/navarra\/\",\"url\":\"https:\/\/fac-seguridad.es\/directorio\/navarra\/navarra\/\",\"name\":\"Navarra - Directorio de Empresas Colaboradoras - FAC Seguridad\",\"isPartOf\":{\"@id\":\"https:\/\/fac-seguridad.es\/directorio\/#website\"},\"datePublished\":\"2017-12-05T11:30:52+00:00\",\"dateModified\":\"2021-07-05T11:07:05+00:00\",\"description\":\"Directorio de distribuidores FAC Seguridad en Navarra - Encuentra tu distribuidor mas cercano en la Navarra. FAC, desde 1931.\",\"breadcrumb\":{\"@id\":\"https:\/\/fac-seguridad.es\/directorio\/navarra\/navarra\/#breadcrumb\"},\"inLanguage\":\"es\",\"potentialAction\":[{\"@type\":\"ReadAction\",\"target\":[\"https:\/\/fac-seguridad.es\/directorio\/navarra\/navarra\/\"]}]},{\"@type\":\"BreadcrumbList\",\"@id\":\"https:\/\/fac-seguridad.es\/directorio\/navarra\/navarra\/#breadcrumb\",\"itemListElement\":[{\"@type\":\"ListItem\",\"position\":1,\"name\":\"Portada\",\"item\":\"https:\/\/fac-seguridad.es\/directorio\/\"},{\"@type\":\"ListItem\",\"position\":2,\"name\":\"Navarra\",\"item\":\"https:\/\/fac-seguridad.es\/directorio\/navarra\/\"},{\"@type\":\"ListItem\",\"position\":3,\"name\":\"Navarra\"}]},{\"@type\":\"WebSite\",\"@id\":\"https:\/\/fac-seguridad.es\/directorio\/#website\",\"url\":\"https:\/\/fac-seguridad.es\/directorio\/\",\"name\":\"Directorio de Empresas Colaboradoras - FAC Seguridad\",\"description\":\"Directorio de Empresas Colaboradoras organizado por provincias.\",\"potentialAction\":[{\"@type\":\"SearchAction\",\"target\":{\"@type\":\"EntryPoint\",\"urlTemplate\":\"https:\/\/fac-seguridad.es\/directorio\/?s={search_term_string}\"},\"query-input\":{\"@type\":\"PropertyValueSpecification\",\"valueRequired\":true,\"valueName\":\"search_term_string\"}}],\"inLanguage\":\"es\"}]}<\/script>\n<!-- \/ Yoast SEO plugin. -->","yoast_head_json":{"title":"Navarra - Directorio de Empresas Colaboradoras - FAC Seguridad","description":"Directorio de distribuidores FAC Seguridad en Navarra - Encuentra tu distribuidor mas cercano en la Navarra. FAC, desde 1931.","robots":{"index":"index","follow":"follow","max-snippet":"max-snippet:-1","max-image-preview":"max-image-preview:large","max-video-preview":"max-video-preview:-1"},"canonical":"https:\/\/fac-seguridad.es\/directorio\/navarra\/navarra\/","og_locale":"es_ES","og_type":"article","og_title":"Navarra - Directorio de Empresas Colaboradoras - FAC Seguridad","og_description":"Directorio de distribuidores FAC Seguridad en Navarra - Encuentra tu distribuidor mas cercano en la Navarra. FAC, desde 1931.","og_url":"https:\/\/fac-seguridad.es\/directorio\/navarra\/navarra\/","og_site_name":"Directorio de Empresas Colaboradoras - FAC Seguridad","article_publisher":"https:\/\/www.facebook.com\/fac.seguridad\/","article_modified_time":"2021-07-05T11:07:05+00:00","twitter_card":"summary_large_image","twitter_site":"@fac_seguridad","twitter_misc":{"Tiempo de lectura":"1 minuto"},"schema":{"@context":"https:\/\/schema.org","@graph":[{"@type":"WebPage","@id":"https:\/\/fac-seguridad.es\/directorio\/navarra\/navarra\/","url":"https:\/\/fac-seguridad.es\/directorio\/navarra\/navarra\/","name":"Navarra - Directorio de Empresas Colaboradoras - FAC Seguridad","isPartOf":{"@id":"https:\/\/fac-seguridad.es\/directorio\/#website"},"datePublished":"2017-12-05T11:30:52+00:00","dateModified":"2021-07-05T11:07:05+00:00","description":"Directorio de distribuidores FAC Seguridad en Navarra - Encuentra tu distribuidor mas cercano en la Navarra. FAC, desde 1931.","breadcrumb":{"@id":"https:\/\/fac-seguridad.es\/directorio\/navarra\/navarra\/#breadcrumb"},"inLanguage":"es","potentialAction":[{"@type":"ReadAction","target":["https:\/\/fac-seguridad.es\/directorio\/navarra\/navarra\/"]}]},{"@type":"BreadcrumbList","@id":"https:\/\/fac-seguridad.es\/directorio\/navarra\/navarra\/#breadcrumb","itemListElement":[{"@type":"ListItem","position":1,"name":"Portada","item":"https:\/\/fac-seguridad.es\/directorio\/"},{"@type":"ListItem","position":2,"name":"Navarra","item":"https:\/\/fac-seguridad.es\/directorio\/navarra\/"},{"@type":"ListItem","position":3,"name":"Navarra"}]},{"@type":"WebSite","@id":"https:\/\/fac-seguridad.es\/directorio\/#website","url":"https:\/\/fac-seguridad.es\/directorio\/","name":"Directorio de Empresas Colaboradoras - FAC Seguridad","description":"Directorio de Empresas Colaboradoras organizado por provincias.","potentialAction":[{"@type":"SearchAction","target":{"@type":"EntryPoint","urlTemplate":"https:\/\/fac-seguridad.es\/directorio\/?s={search_term_string}"},"query-input":{"@type":"PropertyValueSpecification","valueRequired":true,"valueName":"search_term_string"}}],"inLanguage":"es"}]}},"_links":{"self":[{"href":"https:\/\/fac-seguridad.es\/directorio\/wp-json\/wp\/v2\/pages\/188","targetHints":{"allow":["GET"]}}],"collection":[{"href":"https:\/\/fac-seguridad.es\/directorio\/wp-json\/wp\/v2\/pages"}],"about":[{"href":"https:\/\/fac-seguridad.es\/directorio\/wp-json\/wp\/v2\/types\/page"}],"author":[{"embeddable":true,"href":"https:\/\/fac-seguridad.es\/directorio\/wp-json\/wp\/v2\/users\/1"}],"replies":[{"embeddable":true,"href":"https:\/\/fac-seguridad.es\/directorio\/wp-json\/wp\/v2\/comments?post=188"}],"version-history":[{"count":4,"href":"https:\/\/fac-seguridad.es\/directorio\/wp-json\/wp\/v2\/pages\/188\/revisions"}],"predecessor-version":[{"id":963,"href":"https:\/\/fac-seguridad.es\/directorio\/wp-json\/wp\/v2\/pages\/188\/revisions\/963"}],"up":[{"embeddable":true,"href":"https:\/\/fac-seguridad.es\/directorio\/wp-json\/wp\/v2\/pages\/83"}],"wp:attachment":[{"href":"https:\/\/fac-seguridad.es\/directorio\/wp-json\/wp\/v2\/media?parent=188"}],"curies":[{"name":"wp","href":"https:\/\/api.w.org\/{rel}","templated":true}]}}